{"id":1114,"date":"2025-06-24T20:24:55","date_gmt":"2025-06-24T18:24:55","guid":{"rendered":"https:\/\/bdpstkoncept.hellodigitalstudio.dev\/impresszum\/"},"modified":"2025-07-09T18:09:05","modified_gmt":"2025-07-09T16:09:05","slug":"impresszum","status":"publish","type":"page","link":"https:\/\/bdpstkoncept.hu\/hu\/impresszum\/","title":{"rendered":"Impresszum"},"content":{"rendered":"\n<p><strong>A Szolg\u00e1ltat\u00f3 adatai:<\/strong><\/p>\n\n<p>N\u00e9v: BDPST Koncept Kft.<br\/>Sz\u00e9khely: 1026 Budapest, Pasar\u00e9ti \u00fat 122-124.<br\/>Ad\u00f3sz\u00e1m: 29213500241<br\/>C\u00e9gjegyz\u00e9k: 01 09 383540<br\/>Email: kommunikacio@bdpstkoncept.hu<\/p>\n\n<p><strong>T\u00e1rhelyszolg\u00e1ltat\u00f3 adatai:<\/strong><\/p>\n\n<p>N\u00e9v: Websupport Magyarorsz\u00e1g Kft.<br\/>Sz\u00e9khely: 1119 Budapest, Feh\u00e9rv\u00e1ri \u00fat 97-99.<br\/>Email: <a href=\"mailto:support@websupport.hu\">support@websupport.hu<\/a><br\/>Web: <a href=\"https:\/\/www.websupport.hu\/\">https:\/\/www.websupport.hu\/<\/a><\/p>\n\n<p><strong>Egy\u00e9b szolg\u00e1ltat\u00f3:<\/strong><\/p>\n\n<p>N\u00e9v: Graphasel Design Studio Kereskedelmi \u00e9s Szolg\u00e1ltat\u00f3 Kft.<br\/>Sz\u00e9khely: 1122 Budapest, Krisztina k\u00f6r\u00fat 2-4. f\u00e9lemelet 2-3. 2-4. Email: <a href=\"mailto:studio@graphasel.com\">studio@graphasel.com<\/a><br\/>Web: <a href=\"http:\/\/www.graphasel.com\">www.graphasel.com <\/a><\/p>\n\n<p>Jelen honlap (bdpstkoncept.hu) szerz\u0151i jogv\u00e9delem alatt \u00e1ll, annak vagy b\u00e1rmely r\u00e9sz\u00e9nek jogosulatlan felhaszn\u00e1l\u00e1sa a szerz\u0151i jog megs\u00e9rt\u00e9s\u00e9nek min\u0151s\u00fcl.<br\/>A BDPST Koncept Kft. fenntartja a jogot, hogy a honlap tartalm\u00e1t r\u00e9szben vagy eg\u00e9szben b\u00e1rmikor megv\u00e1ltoztassa. <\/p>\n","protected":false},"excerpt":{"rendered":"<p>A Szolg\u00e1ltat\u00f3 adatai: N\u00e9v: BDPST Koncept Kft.Sz\u00e9khely: 1026 Budapest, Pasar\u00e9ti \u00fat 122-124.Ad\u00f3sz\u00e1m: 29213500241C\u00e9gjegyz\u00e9k: 01 09 383540Email: kommunikacio@bdpstkoncept.hu T\u00e1rhelyszolg\u00e1ltat\u00f3 adatai: N\u00e9v:<\/p>\n","protected":false},"author":1,"featured_media":0,"parent":0,"menu_order":0,"comment_status":"closed","ping_status":"closed","template":"","meta":{"_acf_changed":false,"footnotes":""},"class_list":["post-1114","page","type-page","status-publish","hentry"],"acf":[],"yoast_head":"<!-- This site is optimized with the Yoast SEO plugin v25.5 - https:\/\/yoast.com\/wordpress\/plugins\/seo\/ -->\n<title>Impresszum - BDPST Koncept<\/title>\n<meta name=\"robots\" content=\"index, follow, max-snippet:-1, max-image-preview:large, max-video-preview:-1\" \/>\n<link rel=\"canonical\" href=\"https:\/\/bdpstkoncept.hu\/hu\/impresszum\/\" \/>\n<meta property=\"og:locale\" content=\"hu_HU\" \/>\n<meta property=\"og:type\" content=\"article\" \/>\n<meta property=\"og:title\" content=\"Impresszum - BDPST Koncept\" \/>\n<meta property=\"og:description\" content=\"A Szolg\u00e1ltat\u00f3 adatai: N\u00e9v: BDPST Koncept Kft.Sz\u00e9khely: 1026 Budapest, Pasar\u00e9ti \u00fat 122-124.Ad\u00f3sz\u00e1m: 29213500241C\u00e9gjegyz\u00e9k: 01 09 383540Email: kommunikacio@bdpstkoncept.hu T\u00e1rhelyszolg\u00e1ltat\u00f3 adatai: N\u00e9v:\" \/>\n<meta property=\"og:url\" content=\"https:\/\/bdpstkoncept.hu\/hu\/impresszum\/\" \/>\n<meta property=\"og:site_name\" content=\"BDPST Koncept\" \/>\n<meta property=\"article:modified_time\" content=\"2025-07-09T16:09:05+00:00\" \/>\n<meta name=\"twitter:card\" content=\"summary_large_image\" \/>\n<meta name=\"twitter:label1\" content=\"Becs\u00fclt olvas\u00e1si id\u0151\" \/>\n\t<meta name=\"twitter:data1\" content=\"1 perc\" \/>\n<script type=\"application\/ld+json\" class=\"yoast-schema-graph\">{\"@context\":\"https:\/\/schema.org\",\"@graph\":[{\"@type\":\"WebPage\",\"@id\":\"https:\/\/bdpstkoncept.hu\/hu\/impresszum\/\",\"url\":\"https:\/\/bdpstkoncept.hu\/hu\/impresszum\/\",\"name\":\"Impresszum - BDPST Koncept\",\"isPartOf\":{\"@id\":\"https:\/\/bdpstkoncept.hu\/hu\/#website\"},\"datePublished\":\"2025-06-24T18:24:55+00:00\",\"dateModified\":\"2025-07-09T16:09:05+00:00\",\"breadcrumb\":{\"@id\":\"https:\/\/bdpstkoncept.hu\/hu\/impresszum\/#breadcrumb\"},\"inLanguage\":\"hu\",\"potentialAction\":[{\"@type\":\"ReadAction\",\"target\":[\"https:\/\/bdpstkoncept.hu\/hu\/impresszum\/\"]}]},{\"@type\":\"BreadcrumbList\",\"@id\":\"https:\/\/bdpstkoncept.hu\/hu\/impresszum\/#breadcrumb\",\"itemListElement\":[{\"@type\":\"ListItem\",\"position\":1,\"name\":\"Home\",\"item\":\"https:\/\/bdpstkoncept.hu\/hu\/fooldal\/\"},{\"@type\":\"ListItem\",\"position\":2,\"name\":\"Impresszum\"}]},{\"@type\":\"WebSite\",\"@id\":\"https:\/\/bdpstkoncept.hu\/hu\/#website\",\"url\":\"https:\/\/bdpstkoncept.hu\/hu\/\",\"name\":\"BDPST Koncept\",\"description\":\"\",\"publisher\":{\"@id\":\"https:\/\/bdpstkoncept.hu\/hu\/#organization\"},\"potentialAction\":[{\"@type\":\"SearchAction\",\"target\":{\"@type\":\"EntryPoint\",\"urlTemplate\":\"https:\/\/bdpstkoncept.hu\/hu\/?s={search_term_string}\"},\"query-input\":{\"@type\":\"PropertyValueSpecification\",\"valueRequired\":true,\"valueName\":\"search_term_string\"}}],\"inLanguage\":\"hu\"},{\"@type\":\"Organization\",\"@id\":\"https:\/\/bdpstkoncept.hu\/hu\/#organization\",\"name\":\"BDPST Koncept\",\"url\":\"https:\/\/bdpstkoncept.hu\/hu\/\",\"logo\":{\"@type\":\"ImageObject\",\"inLanguage\":\"hu\",\"@id\":\"https:\/\/bdpstkoncept.hu\/hu\/#\/schema\/logo\/image\/\",\"url\":\"https:\/\/bdpstkoncept.hu\/wp-content\/uploads\/2025\/07\/favico-1.jpg\",\"contentUrl\":\"https:\/\/bdpstkoncept.hu\/wp-content\/uploads\/2025\/07\/favico-1.jpg\",\"width\":1024,\"height\":1024,\"caption\":\"BDPST Koncept\"},\"image\":{\"@id\":\"https:\/\/bdpstkoncept.hu\/hu\/#\/schema\/logo\/image\/\"}}]}<\/script>\n<!-- \/ Yoast SEO plugin. -->","yoast_head_json":{"title":"Impresszum - BDPST Koncept","robots":{"index":"index","follow":"follow","max-snippet":"max-snippet:-1","max-image-preview":"max-image-preview:large","max-video-preview":"max-video-preview:-1"},"canonical":"https:\/\/bdpstkoncept.hu\/hu\/impresszum\/","og_locale":"hu_HU","og_type":"article","og_title":"Impresszum - BDPST Koncept","og_description":"A Szolg\u00e1ltat\u00f3 adatai: N\u00e9v: BDPST Koncept Kft.Sz\u00e9khely: 1026 Budapest, Pasar\u00e9ti \u00fat 122-124.Ad\u00f3sz\u00e1m: 29213500241C\u00e9gjegyz\u00e9k: 01 09 383540Email: kommunikacio@bdpstkoncept.hu T\u00e1rhelyszolg\u00e1ltat\u00f3 adatai: N\u00e9v:","og_url":"https:\/\/bdpstkoncept.hu\/hu\/impresszum\/","og_site_name":"BDPST Koncept","article_modified_time":"2025-07-09T16:09:05+00:00","twitter_card":"summary_large_image","twitter_misc":{"Becs\u00fclt olvas\u00e1si id\u0151":"1 perc"},"schema":{"@context":"https:\/\/schema.org","@graph":[{"@type":"WebPage","@id":"https:\/\/bdpstkoncept.hu\/hu\/impresszum\/","url":"https:\/\/bdpstkoncept.hu\/hu\/impresszum\/","name":"Impresszum - BDPST Koncept","isPartOf":{"@id":"https:\/\/bdpstkoncept.hu\/hu\/#website"},"datePublished":"2025-06-24T18:24:55+00:00","dateModified":"2025-07-09T16:09:05+00:00","breadcrumb":{"@id":"https:\/\/bdpstkoncept.hu\/hu\/impresszum\/#breadcrumb"},"inLanguage":"hu","potentialAction":[{"@type":"ReadAction","target":["https:\/\/bdpstkoncept.hu\/hu\/impresszum\/"]}]},{"@type":"BreadcrumbList","@id":"https:\/\/bdpstkoncept.hu\/hu\/impresszum\/#breadcrumb","itemListElement":[{"@type":"ListItem","position":1,"name":"Home","item":"https:\/\/bdpstkoncept.hu\/hu\/fooldal\/"},{"@type":"ListItem","position":2,"name":"Impresszum"}]},{"@type":"WebSite","@id":"https:\/\/bdpstkoncept.hu\/hu\/#website","url":"https:\/\/bdpstkoncept.hu\/hu\/","name":"BDPST Koncept","description":"","publisher":{"@id":"https:\/\/bdpstkoncept.hu\/hu\/#organization"},"potentialAction":[{"@type":"SearchAction","target":{"@type":"EntryPoint","urlTemplate":"https:\/\/bdpstkoncept.hu\/hu\/?s={search_term_string}"},"query-input":{"@type":"PropertyValueSpecification","valueRequired":true,"valueName":"search_term_string"}}],"inLanguage":"hu"},{"@type":"Organization","@id":"https:\/\/bdpstkoncept.hu\/hu\/#organization","name":"BDPST Koncept","url":"https:\/\/bdpstkoncept.hu\/hu\/","logo":{"@type":"ImageObject","inLanguage":"hu","@id":"https:\/\/bdpstkoncept.hu\/hu\/#\/schema\/logo\/image\/","url":"https:\/\/bdpstkoncept.hu\/wp-content\/uploads\/2025\/07\/favico-1.jpg","contentUrl":"https:\/\/bdpstkoncept.hu\/wp-content\/uploads\/2025\/07\/favico-1.jpg","width":1024,"height":1024,"caption":"BDPST Koncept"},"image":{"@id":"https:\/\/bdpstkoncept.hu\/hu\/#\/schema\/logo\/image\/"}}]}},"_links":{"self":[{"href":"https:\/\/bdpstkoncept.hu\/hu\/wp-json\/wp\/v2\/pages\/1114","targetHints":{"allow":["GET"]}}],"collection":[{"href":"https:\/\/bdpstkoncept.hu\/hu\/wp-json\/wp\/v2\/pages"}],"about":[{"href":"https:\/\/bdpstkoncept.hu\/hu\/wp-json\/wp\/v2\/types\/page"}],"author":[{"embeddable":true,"href":"https:\/\/bdpstkoncept.hu\/hu\/wp-json\/wp\/v2\/users\/1"}],"replies":[{"embeddable":true,"href":"https:\/\/bdpstkoncept.hu\/hu\/wp-json\/wp\/v2\/comments?post=1114"}],"version-history":[{"count":1,"href":"https:\/\/bdpstkoncept.hu\/hu\/wp-json\/wp\/v2\/pages\/1114\/revisions"}],"predecessor-version":[{"id":1115,"href":"https:\/\/bdpstkoncept.hu\/hu\/wp-json\/wp\/v2\/pages\/1114\/revisions\/1115"}],"wp:attachment":[{"href":"https:\/\/bdpstkoncept.hu\/hu\/wp-json\/wp\/v2\/media?parent=1114"}],"curies":[{"name":"wp","href":"https:\/\/api.w.org\/{rel}","templated":true}]}}