{"id":910,"date":"2025-05-01T22:56:11","date_gmt":"2025-05-01T20:56:11","guid":{"rendered":"https:\/\/bdpstkoncept.hellodigitalstudio.dev\/rolunk\/"},"modified":"2025-07-15T17:06:35","modified_gmt":"2025-07-15T15:06:35","slug":"rolunk","status":"publish","type":"page","link":"https:\/\/bdpstkoncept.hu\/hu\/rolunk\/","title":{"rendered":"R\u00f3lunk"},"content":{"rendered":"\n<div id=\"swipeable-titles-block_68b1496ee0984a74372d9fa1a12cbc01\" class=\"swipeable-titles alignfull\">\n    <div class=\"swiper\" data-initial-slide=\"0\">\n        <div class=\"swiper-wrapper\">\n                            <div class=\"swiper-slide swipeable-titles__slide\" >\n                                                <div class=\"custom-heading\">\n        <h1><strong>Misszi\u00f3<\/strong><\/h1>\n    <\/div>\n                                        <\/div>\n                            <div class=\"swiper-slide swipeable-titles__slide\" data-link=\"https:\/\/bdpstkoncept.hu\/hu\/rolunk\/csapatunk\/\">\n                                            <a href=\"https:\/\/bdpstkoncept.hu\/hu\/rolunk\/csapatunk\/\" class=\"title-link\">\n                                                <div class=\"custom-heading\">\n        <h2><strong>Csapatunk<\/strong><\/h2>\n    <\/div>\n                                                <\/a>\n                                    <\/div>\n                    <\/div>\n    <\/div>\n<\/div> \n<section id=\"sticky-image-container-block_317099e7c32a2026d37fb06ad7e30fa1\" class=\"sticky-image-container alignfull\">\n    <div class=\"container-fluid p-sm-0\">\n        <div class=\"row g-0\">\n            <div class=\"col-lg-6 sticky-image-col  order-lg-2 \">\n                                    <div class=\"sticky-image\">\n                        <img decoding=\"async\" src=\"https:\/\/i0.wp.com\/bdpstkoncept.hu\/wp-content\/uploads\/2025\/07\/ujsag_stock_HU-scaled.jpg?fit=1280%2C720&#038;ssl=1\" alt=\"\" class=\"img-fluid\">\n                    <\/div>\n                            <\/div>\n            <div class=\"col-lg-6 inner-blocks-col  order-lg-1 \">\n                <div class=\"inner-blocks-container\">\n                    \n\n<div class=\"responsive-spacer\">\n\t<div class=\"responsive-spacer__rs-size rs-size-md-70\"><\/div>\n<\/div>\n\n\n\n<div class=\"large-title-block\">\n    <div class=\"large-title-content\">\n        \n\n<h2 class=\"wp-block-heading\">Misszi\u00f3<\/h2>\n\n\n    <\/div>\n<\/div> \n\n\n<div class=\"responsive-spacer\">\n\t<div class=\"responsive-spacer__rs-size rs-size-80 rs-size-md-130\"><\/div>\n<\/div>\n\n\n\n<div class=\"large-text-block\">\n    <div class=\"large-text-content\">\n        \n\n<p>A BDPST Koncept nem csup\u00e1n marketing\u00fcgyn\u00f6ks\u00e9g \u2014 mi a hospitality \u00e9s szolg\u00e1ltat\u00e1salap\u00fa gondolkod\u00e1s alapelveit hozzuk \u00e1t a m\u00e1rka\u00e9p\u00edt\u00e9s vil\u00e1g\u00e1ba. Hisz\u00fcnk abban, hogy egy m\u00e1rka sikere azonnali, k\u00e9zzelfoghat\u00f3 \u00e9rt\u00e9kteremt\u00e9sen \u00e9s \u00fcgyf\u00e9lk\u00f6zpont\u00fas\u00e1gon nyugszik. Ahogyan a vend\u00e9gl\u00e1t\u00e1sban a ma el nem adott szoba \u00f6r\u00f6kre elveszett bev\u00e9tel, \u00fagy a m\u00e1rk\u00e1k sz\u00e1m\u00e1ra is l\u00e9tfontoss\u00e1g\u00fa a proakt\u00edv \u00e9s eredm\u00e9nyorient\u00e1lt m\u0171k\u00f6d\u00e9s.  <\/p>\n\n\n    <\/div>\n<\/div> \n\n\n<div id=\"expandable-content-block_4023f05de4978aa0f64803c4d97253bf\" class=\"expandable-content\">\n    <div class=\"expandable-content__content-wrapper\">\n        <div class=\"expandable-content__paragraph hidden-paragraph collapse\">\n            \n\n<p>Kis butik\u00fcgyn\u00f6ks\u00e9gk\u00e9nt egyed\u00fcl\u00e1ll\u00f3 m\u00f3don \u00f6tv\u00f6zz\u00fck a nemzetk\u00f6zi l\u00e1t\u00e1sm\u00f3dot \u00e9s a m\u00e9ly hazai gy\u00f6kereket, \u00edgy nem csup\u00e1n log\u00f3kat vagy vizu\u00e1lis elemeket tervez\u00fcnk, hanem \u00e9rt\u00e9ket \u00e9s strat\u00e9gi\u00e1t \u00e9p\u00edt\u00fcnk, amelyek val\u00f3di hat\u00e1ssal vannak a piacra.  <\/p>\n\n\n\n<p>Szoros egy\u00fcttm\u0171k\u00f6d\u00e9sben dolgozunk marketing- \u00e9s vizu\u00e1lis szakemberekkel, hogy olyan karakteres \u00e9s egyedi m\u00e1rk\u00e1kat alkossunk, amelyek nemcsak megsz\u00f3l\u00edtj\u00e1k, de val\u00f3di elk\u00f6telez\u0151d\u00e9st v\u00e1ltanak ki a c\u00e9lk\u00f6z\u00f6ns\u00e9gb\u0151l, \u00e9s hossz\u00fa t\u00e1von is versenyel\u0151nyt biztos\u00edtanak.<\/p>\n\n\n        <\/div>\n        <div class=\"expandable-content__button text-end\">\n            <button class=\"btn btn-outline-night expandable-content__read-more-btn collapsed\" type=\"button\" data-bs-toggle=\"collapse\" data-bs-target=\"#expandable-content-block_4023f05de4978aa0f64803c4d97253bf .hidden-paragraph\" aria-expanded=\"false\" aria-controls=\"expandable-content-block_4023f05de4978aa0f64803c4d97253bf .hidden-paragraph\">\n                <span class=\"read-text read-more-text middle\">Tov\u00e1bbi r\u00e9szletek<\/span>\n                <span class=\"read-text read-more-text bottom\">Tov\u00e1bbi r\u00e9szletek<\/span>\n                <span class=\"read-text read-less-text middle\">Elrejt<\/span>\n                <span class=\"read-text read-less-text bottom\">Elrejt<\/span>\n            <\/button>\n        <\/div>\n     <\/div>\n<\/div> \n\n\n<div class=\"responsive-spacer\">\n\t<div class=\"responsive-spacer__rs-size rs-size-lg-70 rs-size-xxxl-70\"><\/div>\n<\/div>\n\n\n                <\/div>\n            <\/div>\n        <\/div>\n    <\/div>\n<\/section> \n<div class=\"responsive-spacer\">\n\t<div class=\"responsive-spacer__rs-size rs-size-90 rs-size-md-90\"><\/div>\n<\/div>\n\n<div id=\"scrolling-text-block_3c57bd201bbda6b3ef3ea54ebd31a640\" class=\"scrolling-text alignfull\" data-scroll-speed=\"fast\">\n    <div class=\"container scrolling-text__container\">\n            <div class=\"scrolling-text__row scrolling-text__row--first\" data-direction=\"left\">\n            <div class=\"scrolling-text__content\">\n                                    <span class=\"scrolling-text__item\">\n                        <span class=\"scrolling-text__item-text\">K\u00f6z\u00f6ss\u00e9g\u00e9p\u00edt\u00e9s<\/span>\n                    <\/span>\n                                    <span class=\"scrolling-text__item scrolling-text__item--black\">\n                        <span class=\"scrolling-text__item-text\">Trendform\u00e1l\u00e1s<\/span>\n                    <\/span>\n                                    <span class=\"scrolling-text__item\">\n                        <span class=\"scrolling-text__item-text\">Koncepcion\u00e1lis gondolkod\u00e1s<\/span>\n                    <\/span>\n                            <\/div>\n        <\/div>\n    \n            <div class=\"scrolling-text__row scrolling-text__row--second\" data-direction=\"right\">\n            <div class=\"scrolling-text__content\">\n                                    <span class=\"scrolling-text__item\">\n                        <span class=\"scrolling-text__item-text\">Nemzetk\u00f6zi l\u00e1t\u00e1sm\u00f3d<\/span>\n                    <\/span>\n                                    <span class=\"scrolling-text__item scrolling-text__item--black\">\n                        <span class=\"scrolling-text__item-text\">T\u00f6rt\u00e9netmes\u00e9l\u00e9s<\/span>\n                    <\/span>\n                            <\/div>\n        <\/div>\n     \n    <\/div>\n<\/div> \n<div class=\"responsive-spacer\">\n\t<div class=\"responsive-spacer__rs-size rs-size-130 rs-size-md-200\"><\/div>\n<\/div>\n\n<div id=\"featured-case-study-block_2eb8c6398a58c7c3f10de690ffe2d192\" class=\"featured-case-study\">\n    <div class=\"row align-items-center position-relative\">\n        <div class=\"col-md-3 featured-case-study__title-wrapper\">\n                            <div class=\"large-title-block\">\n                    <div class=\"large-title-content\">\n                        <h2 class=\"featured-case-study__title text-island text-end\">Branding<\/h2>\n                    <\/div>\n                <\/div>\n                    <\/div>\n        <div class=\"col-md-9 featured-case-study__item-wrapper position-relative\">\n                                <div class=\"featured-case-study__item\">\n                        <a href=\"https:\/\/bdpstkoncept.hu\/case-study\/dorothea-hotel-budapest-autograph-collection\/\" class=\"featured-case-study__item__image-wrapper\">\n                            <div class=\"portfolio-grid__item-case-study__highlight-text text-start position-end\">Case<span class=\"d-none d-md-inline\"> Study<\/span><\/div>\n                                                        <div class=\"featured-case-study__item__image-link\">\n                                                                                                        <picture>\n                                        <source media=\"(min-width: 768px)\" srcset=\"https:\/\/i0.wp.com\/bdpstkoncept.hu\/wp-content\/uploads\/2025\/05\/koncept_kollazs_1648x928_dorothea-v2-scaled.jpg?resize=1648%2C928&#038;ssl=1 2x, https:\/\/i0.wp.com\/bdpstkoncept.hu\/wp-content\/uploads\/2025\/05\/koncept_kollazs_1648x928_dorothea-v2-scaled.jpg?resize=824%2C464&#038;ssl=1 1x\">\n                                        <img decoding=\"async\" src=\"https:\/\/i0.wp.com\/bdpstkoncept.hu\/wp-content\/uploads\/2025\/05\/koncept_kollazs_620x826_dorothea-v2.jpg?resize=310%2C413&#038;ssl=1\" srcset=\"https:\/\/i0.wp.com\/bdpstkoncept.hu\/wp-content\/uploads\/2025\/05\/koncept_kollazs_620x826_dorothea-v2.jpg?resize=620%2C826&#038;ssl=1 2x, https:\/\/i0.wp.com\/bdpstkoncept.hu\/wp-content\/uploads\/2025\/05\/koncept_kollazs_620x826_dorothea-v2.jpg?resize=310%2C413&#038;ssl=1 1x\" alt=\"Dorothea Hotel, Budapest, Autograph Collection\" class=\"img-fluid\">\n                                    <\/picture>\n                                                                                                    <div class=\"featured-case-study__item__image-link__text d-md-none text-island\">\n                                    Branding                                <\/div>\n                            <\/div>\n                                                        <div class=\"portfolio-grid__item-case-study__highlight-text text-end d-md-none\">S<span class=\u201cfst-normal fst-t\u201d>t<\/span>u<span class=\u201cfst-normal fst-dy\u201d>dy<\/span><\/div>\n                        <\/a>\n                        <div class=\"featured-case-study__item__details\">\n                                                            <div class=\"case-study-tags\">\n                                    <div class=\"case-study-tags__wrapper\">\n                                        <span class=\"case-study-tag\">Brand identity &amp; Graphic design<\/span><span class=\"case-study-tag-separator\">*<\/span><span class=\"case-study-tag\">Brand Strategy Creation<\/span><span class=\"case-study-tag-separator\">*<\/span><span class=\"case-study-tag\">Narrative Creation<\/span><span class=\"case-study-tag-separator\">*<\/span><span class=\"case-study-tag\">Research<\/span><span class=\"case-study-tag-separator\">*<\/span><span class=\"case-study-tag\">Brand identity &amp; Graphic design<\/span><span class=\"case-study-tag-separator\">*<\/span><span class=\"case-study-tag\">Brand Strategy Creation<\/span><span class=\"case-study-tag-separator\">*<\/span><span class=\"case-study-tag\">Narrative Creation<\/span><span class=\"case-study-tag-separator\">*<\/span><span class=\"case-study-tag\">Research<\/span><span class=\"case-study-tag-separator\">*<\/span>                                    <\/div>\n                                <\/div>\n                                                        <a href=\"https:\/\/bdpstkoncept.hu\/case-study\/dorothea-hotel-budapest-autograph-collection\/\" class=\"featured-case-study__item__link\">\n                                <h2 class=\"featured-case-study__item__title\">Dorothea Hotel, Budapest, Autograph Collection<\/h2>\n                            <\/a>\n                        <\/div>\n                    <\/div>\n                                    <\/div>\n    <\/div>\n<\/div> \n<div class=\"responsive-spacer\">\n\t<div class=\"responsive-spacer__rs-size rs-size-90 rs-size-md-60\"><\/div>\n<\/div>\n\n<div id=\"featured-case-study-block_82c0efd00da22c4e6d5d52b67d6c16f8\" class=\"featured-case-study\">\n    <div class=\"row align-items-center position-relative\">\n        <div class=\"col-md-3 featured-case-study__title-wrapper\">\n                            <div class=\"large-title-block\">\n                    <div class=\"large-title-content\">\n                        <h2 class=\"featured-case-study__title text-island text-start\">Event<\/h2>\n                    <\/div>\n                <\/div>\n                    <\/div>\n        <div class=\"col-md-9 featured-case-study__item-wrapper position-relative offset-md-3\">\n                                <div class=\"featured-case-study__item\">\n                        <a href=\"https:\/\/bdpstkoncept.hu\/case-study\/botaniq-collection-launch-event\/\" class=\"featured-case-study__item__image-wrapper\">\n                            <div class=\"portfolio-grid__item-case-study__highlight-text text-start position-start\">Case<span class=\"d-none d-md-inline\"> Study<\/span><\/div>\n                                                        <div class=\"featured-case-study__item__image-link\">\n                                                                                                        <picture>\n                                        <source media=\"(min-width: 768px)\" srcset=\"https:\/\/i0.wp.com\/bdpstkoncept.hu\/wp-content\/uploads\/2025\/05\/koncept_kollazs_1648x928_botaniq-v2-scaled.jpg?resize=1648%2C928&#038;ssl=1 2x, https:\/\/i0.wp.com\/bdpstkoncept.hu\/wp-content\/uploads\/2025\/05\/koncept_kollazs_1648x928_botaniq-v2-scaled.jpg?resize=824%2C464&#038;ssl=1 1x\">\n                                        <img decoding=\"async\" src=\"https:\/\/i0.wp.com\/bdpstkoncept.hu\/wp-content\/uploads\/2025\/05\/koncept_kollazs_620x826_botaniq-v2.jpg?resize=310%2C413&#038;ssl=1\" srcset=\"https:\/\/i0.wp.com\/bdpstkoncept.hu\/wp-content\/uploads\/2025\/05\/koncept_kollazs_620x826_botaniq-v2.jpg?resize=620%2C826&#038;ssl=1 2x, https:\/\/i0.wp.com\/bdpstkoncept.hu\/wp-content\/uploads\/2025\/05\/koncept_kollazs_620x826_botaniq-v2.jpg?resize=310%2C413&#038;ssl=1 1x\" alt=\"Botaniq Collection launch event\" class=\"img-fluid\">\n                                    <\/picture>\n                                                                                                    <div class=\"featured-case-study__item__image-link__text d-md-none text-island\">\n                                    Event                                <\/div>\n                            <\/div>\n                                                        <div class=\"portfolio-grid__item-case-study__highlight-text text-end d-md-none\">S<span class=\u201cfst-normal fst-t\u201d>t<\/span>u<span class=\u201cfst-normal fst-dy\u201d>dy<\/span><\/div>\n                        <\/a>\n                        <div class=\"featured-case-study__item__details\">\n                                                            <div class=\"case-study-tags\">\n                                    <div class=\"case-study-tags__wrapper\">\n                                        <span class=\"case-study-tag\">Corporate social responsibility<\/span><span class=\"case-study-tag-separator\">*<\/span><span class=\"case-study-tag\">Event marketing<\/span><span class=\"case-study-tag-separator\">*<\/span><span class=\"case-study-tag\">Influencer marketing<\/span><span class=\"case-study-tag-separator\">*<\/span><span class=\"case-study-tag\">Public relations &amp; Study tour<\/span><span class=\"case-study-tag-separator\">*<\/span><span class=\"case-study-tag\">Social media &amp; Content creation<\/span><span class=\"case-study-tag-separator\">*<\/span><span class=\"case-study-tag\">Corporate social responsibility<\/span><span class=\"case-study-tag-separator\">*<\/span><span class=\"case-study-tag\">Event marketing<\/span><span class=\"case-study-tag-separator\">*<\/span><span class=\"case-study-tag\">Influencer marketing<\/span><span class=\"case-study-tag-separator\">*<\/span><span class=\"case-study-tag\">Public relations &amp; Study tour<\/span><span class=\"case-study-tag-separator\">*<\/span><span class=\"case-study-tag\">Social media &amp; Content creation<\/span><span class=\"case-study-tag-separator\">*<\/span>                                    <\/div>\n                                <\/div>\n                                                        <a href=\"https:\/\/bdpstkoncept.hu\/case-study\/botaniq-collection-launch-event\/\" class=\"featured-case-study__item__link\">\n                                <h2 class=\"featured-case-study__item__title\">Botaniq Collection launch event<\/h2>\n                            <\/a>\n                        <\/div>\n                    <\/div>\n                                    <\/div>\n    <\/div>\n<\/div> ","protected":false},"excerpt":{"rendered":"","protected":false},"author":1,"featured_media":0,"parent":0,"menu_order":0,"comment_status":"closed","ping_status":"closed","template":"","meta":{"_acf_changed":false,"footnotes":""},"class_list":["post-910","page","type-page","status-publish","hentry"],"acf":[],"yoast_head":"<!-- This site is optimized with the Yoast SEO plugin v25.5 - https:\/\/yoast.com\/wordpress\/plugins\/seo\/ -->\n<title>R\u00f3lunk - BDPST Koncept<\/title>\n<meta name=\"robots\" content=\"index, follow, max-snippet:-1, max-image-preview:large, max-video-preview:-1\" \/>\n<link rel=\"canonical\" href=\"https:\/\/bdpstkoncept.hu\/hu\/rolunk\/\" \/>\n<meta property=\"og:locale\" content=\"hu_HU\" \/>\n<meta property=\"og:type\" content=\"article\" \/>\n<meta property=\"og:title\" content=\"R\u00f3lunk - BDPST Koncept\" \/>\n<meta property=\"og:url\" content=\"https:\/\/bdpstkoncept.hu\/hu\/rolunk\/\" \/>\n<meta property=\"og:site_name\" content=\"BDPST Koncept\" \/>\n<meta property=\"article:modified_time\" content=\"2025-07-15T15:06:35+00:00\" \/>\n<meta name=\"twitter:card\" content=\"summary_large_image\" \/>\n<meta name=\"twitter:label1\" content=\"Becs\u00fclt olvas\u00e1si id\u0151\" \/>\n\t<meta name=\"twitter:data1\" content=\"1 perc\" \/>\n<script type=\"application\/ld+json\" class=\"yoast-schema-graph\">{\"@context\":\"https:\/\/schema.org\",\"@graph\":[{\"@type\":\"WebPage\",\"@id\":\"https:\/\/bdpstkoncept.hu\/hu\/rolunk\/\",\"url\":\"https:\/\/bdpstkoncept.hu\/hu\/rolunk\/\",\"name\":\"R\u00f3lunk - BDPST Koncept\",\"isPartOf\":{\"@id\":\"https:\/\/bdpstkoncept.hu\/hu\/#website\"},\"datePublished\":\"2025-05-01T20:56:11+00:00\",\"dateModified\":\"2025-07-15T15:06:35+00:00\",\"breadcrumb\":{\"@id\":\"https:\/\/bdpstkoncept.hu\/hu\/rolunk\/#breadcrumb\"},\"inLanguage\":\"hu\",\"potentialAction\":[{\"@type\":\"ReadAction\",\"target\":[\"https:\/\/bdpstkoncept.hu\/hu\/rolunk\/\"]}]},{\"@type\":\"BreadcrumbList\",\"@id\":\"https:\/\/bdpstkoncept.hu\/hu\/rolunk\/#breadcrumb\",\"itemListElement\":[{\"@type\":\"ListItem\",\"position\":1,\"name\":\"Home\",\"item\":\"https:\/\/bdpstkoncept.hu\/hu\/fooldal\/\"},{\"@type\":\"ListItem\",\"position\":2,\"name\":\"R\u00f3lunk\"}]},{\"@type\":\"WebSite\",\"@id\":\"https:\/\/bdpstkoncept.hu\/hu\/#website\",\"url\":\"https:\/\/bdpstkoncept.hu\/hu\/\",\"name\":\"BDPST Koncept\",\"description\":\"\",\"publisher\":{\"@id\":\"https:\/\/bdpstkoncept.hu\/hu\/#organization\"},\"potentialAction\":[{\"@type\":\"SearchAction\",\"target\":{\"@type\":\"EntryPoint\",\"urlTemplate\":\"https:\/\/bdpstkoncept.hu\/hu\/?s={search_term_string}\"},\"query-input\":{\"@type\":\"PropertyValueSpecification\",\"valueRequired\":true,\"valueName\":\"search_term_string\"}}],\"inLanguage\":\"hu\"},{\"@type\":\"Organization\",\"@id\":\"https:\/\/bdpstkoncept.hu\/hu\/#organization\",\"name\":\"BDPST Koncept\",\"url\":\"https:\/\/bdpstkoncept.hu\/hu\/\",\"logo\":{\"@type\":\"ImageObject\",\"inLanguage\":\"hu\",\"@id\":\"https:\/\/bdpstkoncept.hu\/hu\/#\/schema\/logo\/image\/\",\"url\":\"https:\/\/bdpstkoncept.hu\/wp-content\/uploads\/2025\/07\/favico-1.jpg\",\"contentUrl\":\"https:\/\/bdpstkoncept.hu\/wp-content\/uploads\/2025\/07\/favico-1.jpg\",\"width\":1024,\"height\":1024,\"caption\":\"BDPST Koncept\"},\"image\":{\"@id\":\"https:\/\/bdpstkoncept.hu\/hu\/#\/schema\/logo\/image\/\"}}]}<\/script>\n<!-- \/ Yoast SEO plugin. -->","yoast_head_json":{"title":"R\u00f3lunk - BDPST Koncept","robots":{"index":"index","follow":"follow","max-snippet":"max-snippet:-1","max-image-preview":"max-image-preview:large","max-video-preview":"max-video-preview:-1"},"canonical":"https:\/\/bdpstkoncept.hu\/hu\/rolunk\/","og_locale":"hu_HU","og_type":"article","og_title":"R\u00f3lunk - BDPST Koncept","og_url":"https:\/\/bdpstkoncept.hu\/hu\/rolunk\/","og_site_name":"BDPST Koncept","article_modified_time":"2025-07-15T15:06:35+00:00","twitter_card":"summary_large_image","twitter_misc":{"Becs\u00fclt olvas\u00e1si id\u0151":"1 perc"},"schema":{"@context":"https:\/\/schema.org","@graph":[{"@type":"WebPage","@id":"https:\/\/bdpstkoncept.hu\/hu\/rolunk\/","url":"https:\/\/bdpstkoncept.hu\/hu\/rolunk\/","name":"R\u00f3lunk - BDPST Koncept","isPartOf":{"@id":"https:\/\/bdpstkoncept.hu\/hu\/#website"},"datePublished":"2025-05-01T20:56:11+00:00","dateModified":"2025-07-15T15:06:35+00:00","breadcrumb":{"@id":"https:\/\/bdpstkoncept.hu\/hu\/rolunk\/#breadcrumb"},"inLanguage":"hu","potentialAction":[{"@type":"ReadAction","target":["https:\/\/bdpstkoncept.hu\/hu\/rolunk\/"]}]},{"@type":"BreadcrumbList","@id":"https:\/\/bdpstkoncept.hu\/hu\/rolunk\/#breadcrumb","itemListElement":[{"@type":"ListItem","position":1,"name":"Home","item":"https:\/\/bdpstkoncept.hu\/hu\/fooldal\/"},{"@type":"ListItem","position":2,"name":"R\u00f3lunk"}]},{"@type":"WebSite","@id":"https:\/\/bdpstkoncept.hu\/hu\/#website","url":"https:\/\/bdpstkoncept.hu\/hu\/","name":"BDPST Koncept","description":"","publisher":{"@id":"https:\/\/bdpstkoncept.hu\/hu\/#organization"},"potentialAction":[{"@type":"SearchAction","target":{"@type":"EntryPoint","urlTemplate":"https:\/\/bdpstkoncept.hu\/hu\/?s={search_term_string}"},"query-input":{"@type":"PropertyValueSpecification","valueRequired":true,"valueName":"search_term_string"}}],"inLanguage":"hu"},{"@type":"Organization","@id":"https:\/\/bdpstkoncept.hu\/hu\/#organization","name":"BDPST Koncept","url":"https:\/\/bdpstkoncept.hu\/hu\/","logo":{"@type":"ImageObject","inLanguage":"hu","@id":"https:\/\/bdpstkoncept.hu\/hu\/#\/schema\/logo\/image\/","url":"https:\/\/bdpstkoncept.hu\/wp-content\/uploads\/2025\/07\/favico-1.jpg","contentUrl":"https:\/\/bdpstkoncept.hu\/wp-content\/uploads\/2025\/07\/favico-1.jpg","width":1024,"height":1024,"caption":"BDPST Koncept"},"image":{"@id":"https:\/\/bdpstkoncept.hu\/hu\/#\/schema\/logo\/image\/"}}]}},"_links":{"self":[{"href":"https:\/\/bdpstkoncept.hu\/hu\/wp-json\/wp\/v2\/pages\/910","targetHints":{"allow":["GET"]}}],"collection":[{"href":"https:\/\/bdpstkoncept.hu\/hu\/wp-json\/wp\/v2\/pages"}],"about":[{"href":"https:\/\/bdpstkoncept.hu\/hu\/wp-json\/wp\/v2\/types\/page"}],"author":[{"embeddable":true,"href":"https:\/\/bdpstkoncept.hu\/hu\/wp-json\/wp\/v2\/users\/1"}],"replies":[{"embeddable":true,"href":"https:\/\/bdpstkoncept.hu\/hu\/wp-json\/wp\/v2\/comments?post=910"}],"version-history":[{"count":5,"href":"https:\/\/bdpstkoncept.hu\/hu\/wp-json\/wp\/v2\/pages\/910\/revisions"}],"predecessor-version":[{"id":1213,"href":"https:\/\/bdpstkoncept.hu\/hu\/wp-json\/wp\/v2\/pages\/910\/revisions\/1213"}],"wp:attachment":[{"href":"https:\/\/bdpstkoncept.hu\/hu\/wp-json\/wp\/v2\/media?parent=910"}],"curies":[{"name":"wp","href":"https:\/\/api.w.org\/{rel}","templated":true}]}}